{"id":2851,"date":"2018-10-31T11:45:29","date_gmt":"2018-10-31T15:45:29","guid":{"rendered":"http:\/\/www.paulineedward.com\/inthekitchen\/?page_id=2851"},"modified":"2019-05-26T20:53:21","modified_gmt":"2019-05-27T00:53:21","slug":"projet-coup-de-pousses","status":"publish","type":"page","link":"https:\/\/www.paulineedward.com\/inthekitchen\/projet-coup-de-pousses\/","title":{"rendered":"Projet Coup de Pousses"},"content":{"rendered":"<p><img data-recalc-dims=\"1\" loading=\"lazy\" decoding=\"async\" class=\"size-full wp-image-3614 aligncenter\" src=\"https:\/\/i0.wp.com\/www.paulineedward.com\/wp-content\/uploads\/2018\/08\/Projet-Coup-de-pousses.jpg?resize=590%2C507\" alt=\"\" width=\"590\" height=\"507\" \/><\/p>\n<p style=\"text-align: center;\"><strong>Projet Coup de pousses<\/strong> (<a href=\"#francais\">fran\u00e7ais ci-bas<\/a>)<\/p>\n<p>As some of you know, I love to experiment with food\u2014it\u2019s the 14\/5, R&amp;D in me. Over the last few years, I have explored various techniques for growing microgreens at home. After numerous experiments, I have come to grow enough microgreens so that I no longer need to buy lettuce for my salads. Check out my<a href=\"http:\/\/www.paulineedward.com\/inthekitchen\/lentil-microgreens\/\"> lentils project<\/a>!<\/p>\n<p>I would love to share this knowledge with our community. In order to make this dream blossom, we need to put a team together. If you are interested in learning how to grow sprouts and microgreens at home, and would like to help share this knowledge with families in our community, please drop me an <a href=\"https:\/\/www.paulineedward.com\/contact\/\">email<\/a>.<\/p>\n<h4 id=\"francais\">Projet Coup de pousses<\/h4>\n<p>Comme certains d\u2019entre vous le savent, j\u2019aime bien exp\u00e9rimenter avec la nourriture\u2014c\u2019est le 14\/5, le R&amp;D, en moi. Au cours des derni\u00e8res ann\u00e9es, j\u2019ai explor\u00e9 diverses techniques pour produire les micro-pousses \u00e0 la maison. Apr\u00e8s de nombreux essais, je suis arriv\u00e9e \u00e0 produire suffisamment de pousses pour que je n\u2019aie plus besoin d\u2019acheter de laitue pour mes salades. Voir mon projet<a href=\"http:\/\/www.paulineedward.com\/inthekitchen\/lentil-microgreens\/\"> lentilles<\/a>!<\/p>\n<p>J\u2019aimerais alors partager ces connaissances avec notre communaut\u00e9. Afin que ce r\u00eave puisse fleurir, il faudrait r\u00e9unir une \u00e9quipe. Si vous \u00eates int\u00e9ress\u00e9s \u00e0 apprendre \u00e0 cultiver des micro-pousses \u00e0 la maison, et si vous souhaitez aider \u00e0 partager ces connaissances avec les familles de notre communaut\u00e9, envoyez moi un petit mot par <a href=\"https:\/\/www.paulineedward.com\/contact\/\" rel=\"noopener\">couriel<\/a>.<\/p>\n","protected":false},"excerpt":{"rendered":"<p>As some of you know, I love to experiment with food. Over the last few years, I have explored various techniques for growing microgreens at home. After numerous experiments, I have come to grow enough microgreens so that I no longer need to buy lettuce for my salads.<\/p>\n","protected":false},"author":3,"featured_media":0,"parent":0,"menu_order":0,"comment_status":"open","ping_status":"closed","template":"","meta":{"jetpack_post_was_ever_published":false,"footnotes":""},"class_list":["post-2851","page","type-page","status-publish","hentry"],"jetpack_shortlink":"https:\/\/wp.me\/P6LKIh-JZ","jetpack_sharing_enabled":true,"_links":{"self":[{"href":"https:\/\/www.paulineedward.com\/inthekitchen\/wp-json\/wp\/v2\/pages\/2851","targetHints":{"allow":["GET"]}}],"collection":[{"href":"https:\/\/www.paulineedward.com\/inthekitchen\/wp-json\/wp\/v2\/pages"}],"about":[{"href":"https:\/\/www.paulineedward.com\/inthekitchen\/wp-json\/wp\/v2\/types\/page"}],"author":[{"embeddable":true,"href":"https:\/\/www.paulineedward.com\/inthekitchen\/wp-json\/wp\/v2\/users\/3"}],"replies":[{"embeddable":true,"href":"https:\/\/www.paulineedward.com\/inthekitchen\/wp-json\/wp\/v2\/comments?post=2851"}],"version-history":[{"count":2,"href":"https:\/\/www.paulineedward.com\/inthekitchen\/wp-json\/wp\/v2\/pages\/2851\/revisions"}],"predecessor-version":[{"id":3609,"href":"https:\/\/www.paulineedward.com\/inthekitchen\/wp-json\/wp\/v2\/pages\/2851\/revisions\/3609"}],"wp:attachment":[{"href":"https:\/\/www.paulineedward.com\/inthekitchen\/wp-json\/wp\/v2\/media?parent=2851"}],"curies":[{"name":"wp","href":"https:\/\/api.w.org\/{rel}","templated":true}]}}